{"id":29950,"date":"2024-07-07T10:03:57","date_gmt":"2024-07-07T07:03:57","guid":{"rendered":"https:\/\/kabcoegypt.com\/product\/%d8%b7%d9%82%d9%85-%d8%a5%d8%ba%d9%84%d8%a7%d9%82-%d8%ac%d8%a7%d9%86%d8%a8%d9%8a\/"},"modified":"2024-09-10T20:53:21","modified_gmt":"2024-09-10T17:53:21","slug":"side-closing-kit","status":"publish","type":"product","link":"https:\/\/kabcoegypt.com\/ar\/product\/side-closing-kit\/","title":{"rendered":"Side Closing Kit"},"content":{"rendered":"","protected":false},"excerpt":{"rendered":"<p>\u00cf\u00e99 6l05\u00cfhg k\u00cft f0f W\u00cfI1gS Wih\u00e9oW\u060c \u0645\u0635\u0646\u0648\u0639 \u0645\u0646 \u0627\u0644\u0632\u0627\u0645\u0627\u0643 \u0627\u0644\u0623\u0633\u0648\u062f \u0627\u0644\u0645\u062c\u0644\u0641\u0646. \u062a\u0645 \u062a\u0648\u0641\u064a\u0631 \u0628\u0631\u0627\u063a\u064a \u0643\u0627\u0645\u064a\u0631\u0627\u062a PARR 2. 2 \u0633\u062a\u0627\u0646\u0644\u0633 \u0633\u062a\u064a\u0644 5 \u0645\u0627\u0643\u0633 8 \u0645\u0633\u0627\u0645\u064a\u0631. 4 \u0645\u0646\u0635\u0627\u062a \u0627\u0644\u0627\u062d\u062a\u0643\u0627\u0643. <\/p>\n","protected":false},"featured_media":29585,"comment_status":"open","ping_status":"closed","template":"","meta":[],"product_brand":[],"product_cat":[104],"product_tag":[],"class_list":{"0":"post-29950","1":"product","2":"type-product","3":"status-publish","4":"has-post-thumbnail","6":"product_cat-roma-ar","8":"first","9":"instock","10":"shipping-taxable","11":"product-type-simple"},"_links":{"self":[{"href":"https:\/\/kabcoegypt.com\/ar\/wp-json\/wp\/v2\/product\/29950","targetHints":{"allow":["GET"]}}],"collection":[{"href":"https:\/\/kabcoegypt.com\/ar\/wp-json\/wp\/v2\/product"}],"about":[{"href":"https:\/\/kabcoegypt.com\/ar\/wp-json\/wp\/v2\/types\/product"}],"replies":[{"embeddable":true,"href":"https:\/\/kabcoegypt.com\/ar\/wp-json\/wp\/v2\/comments?post=29950"}],"version-history":[{"count":1,"href":"https:\/\/kabcoegypt.com\/ar\/wp-json\/wp\/v2\/product\/29950\/revisions"}],"predecessor-version":[{"id":30241,"href":"https:\/\/kabcoegypt.com\/ar\/wp-json\/wp\/v2\/product\/29950\/revisions\/30241"}],"wp:featuredmedia":[{"embeddable":true,"href":"https:\/\/kabcoegypt.com\/ar\/wp-json\/wp\/v2\/media\/29585"}],"wp:attachment":[{"href":"https:\/\/kabcoegypt.com\/ar\/wp-json\/wp\/v2\/media?parent=29950"}],"wp:term":[{"taxonomy":"product_brand","embeddable":true,"href":"https:\/\/kabcoegypt.com\/ar\/wp-json\/wp\/v2\/product_brand?post=29950"},{"taxonomy":"product_cat","embeddable":true,"href":"https:\/\/kabcoegypt.com\/ar\/wp-json\/wp\/v2\/product_cat?post=29950"},{"taxonomy":"product_tag","embeddable":true,"href":"https:\/\/kabcoegypt.com\/ar\/wp-json\/wp\/v2\/product_tag?post=29950"}],"curies":[{"name":"wp","href":"https:\/\/api.w.org\/{rel}","templated":true}]}}